{"id":3167,"date":"2022-02-01T09:38:12","date_gmt":"2022-02-01T09:38:12","guid":{"rendered":"https:\/\/nicolemaina.com\/news\/"},"modified":"2026-01-26T17:45:37","modified_gmt":"2026-01-26T15:45:37","slug":"news","status":"publish","type":"page","link":"https:\/\/nicolemaina.com\/de\/news\/","title":{"rendered":"News"},"content":{"rendered":"\t\t<div data-elementor-type=\"wp-page\" data-elementor-id=\"3167\" class=\"elementor elementor-3167\" data-elementor-settings=\"[]\">\n\t\t\t\t\t\t<div class=\"elementor-inner\">\n\t\t\t\t\t\t\t<div class=\"elementor-section-wrap\">\n\t\t\t\t\t\t\t<section class=\"elementor-section elementor-top-section elementor-element elementor-element-28df5a0 elementor-section-full_width elementor-section-content-middle elementor-section-height-default elementor-section-height-default\" data-id=\"28df5a0\" data-element_type=\"section\" data-settings=\"{&quot;background_background&quot;:&quot;classic&quot;}\">\n\t\t\t\t\t\t\t<div class=\"elementor-background-overlay\"><\/div>\n\t\t\t\t\t\t\t<div class=\"elementor-container elementor-column-gap-no\">\n\t\t\t\t\t\t\t<div class=\"elementor-row\">\n\t\t\t\t\t<div class=\"elementor-column elementor-col-100 elementor-top-column elementor-element elementor-element-cc0bb51\" data-id=\"cc0bb51\" data-element_type=\"column\">\n\t\t\t<div class=\"elementor-column-wrap elementor-element-populated\">\n\t\t\t\t\t\t\t<div class=\"elementor-widget-wrap\">\n\t\t\t\t\t\t<div class=\"elementor-element elementor-element-c276037 elementor-invisible elementor-widget elementor-widget-heading\" data-id=\"c276037\" data-element_type=\"widget\" data-settings=\"{&quot;_animation&quot;:&quot;fadeIn&quot;,&quot;_animation_delay&quot;:&quot;200&quot;}\" data-widget_type=\"heading.default\">\n\t\t\t\t<div class=\"elementor-widget-container\">\n\t\t\t<h1 class=\"elementor-heading-title elementor-size-default\">NEWS<\/h1>\t\t<\/div>\n\t\t\t\t<\/div>\n\t\t\t\t\t\t<\/div>\n\t\t\t\t\t<\/div>\n\t\t<\/div>\n\t\t\t\t\t\t\t\t<\/div>\n\t\t\t\t\t<\/div>\n\t\t<\/section>\n\t\t\t\t<section class=\"elementor-section elementor-top-section elementor-element elementor-element-c8153a1 elementor-section-boxed elementor-section-height-default elementor-section-height-default\" data-id=\"c8153a1\" data-element_type=\"section\">\n\t\t\t\t\t\t<div class=\"elementor-container elementor-column-gap-default\">\n\t\t\t\t\t\t\t<div class=\"elementor-row\">\n\t\t\t\t\t<div class=\"elementor-column elementor-col-100 elementor-top-column elementor-element elementor-element-defc5dc\" data-id=\"defc5dc\" data-element_type=\"column\">\n\t\t\t<div class=\"elementor-column-wrap elementor-element-populated\">\n\t\t\t\t\t\t\t<div class=\"elementor-widget-wrap\">\n\t\t\t\t\t\t<div class=\"elementor-element elementor-element-24a1926 elementor-grid-3 elementor-grid-tablet-2 elementor-grid-mobile-1 elementor-posts--thumbnail-top elementor-widget elementor-widget-posts\" data-id=\"24a1926\" data-element_type=\"widget\" data-settings=\"{&quot;classic_row_gap&quot;:{&quot;unit&quot;:&quot;px&quot;,&quot;size&quot;:33,&quot;sizes&quot;:[]},&quot;pagination_type&quot;:&quot;numbers_and_prev_next&quot;,&quot;classic_columns&quot;:&quot;3&quot;,&quot;classic_columns_tablet&quot;:&quot;2&quot;,&quot;classic_columns_mobile&quot;:&quot;1&quot;,&quot;classic_row_gap_tablet&quot;:{&quot;unit&quot;:&quot;px&quot;,&quot;size&quot;:&quot;&quot;,&quot;sizes&quot;:[]},&quot;classic_row_gap_mobile&quot;:{&quot;unit&quot;:&quot;px&quot;,&quot;size&quot;:&quot;&quot;,&quot;sizes&quot;:[]}}\" data-widget_type=\"posts.classic\">\n\t\t\t\t<div class=\"elementor-widget-container\">\n\t\t\t\t\t<div class=\"elementor-posts-container elementor-posts elementor-posts--skin-classic elementor-grid\">\n\t\t\t\t<article class=\"elementor-post elementor-grid-item post-7587 post type-post status-publish format-standard has-post-thumbnail hentry category-consulente-per-famiglie-multilingua-de tag-consulente-per-famiglie-multilingue-de\">\n\t\t\t\t<a class=\"elementor-post__thumbnail__link\" href=\"https:\/\/nicolemaina.com\/de\/mio-figlio-mischia-le-lingue-vuol-dire-che-e-confuso\/\" >\n\t\t\t<div class=\"elementor-post__thumbnail\"><img loading=\"lazy\" decoding=\"async\" width=\"300\" height=\"195\" src=\"https:\/\/nicolemaina.com\/wp-content\/uploads\/2026\/03\/3-300x195.png\" class=\"attachment-medium size-medium\" alt=\"\" \/><\/div>\n\t\t<\/a>\n\t\t\t\t<div class=\"elementor-post__text\">\n\t\t\t\t<h3 class=\"elementor-post__title\">\n\t\t\t<a href=\"https:\/\/nicolemaina.com\/de\/mio-figlio-mischia-le-lingue-vuol-dire-che-e-confuso\/\" >\n\t\t\t\tMio figlio mischia le lingue, vuol dire che \u00e8 confuso?\t\t\t<\/a>\n\t\t<\/h3>\n\t\t\t\t<div class=\"elementor-post__meta-data\">\n\t\t\t\t\t<span class=\"elementor-post-date\">\n\t\t\tApril 10, 2026\t\t<\/span>\n\t\t\t\t<\/div>\n\t\t\t\t<div class=\"elementor-post__excerpt\">\n\t\t\t<p>Mio figlio mischia le lingue, vuol dire che \u00e8 confuso? \u00a0 Code mixing e code switching nei bambini multilingui: cosa sono e come gestirli \u00a0<\/p>\n\t\t<\/div>\n\t\t\t\t\t<a class=\"elementor-post__read-more\" href=\"https:\/\/nicolemaina.com\/de\/mio-figlio-mischia-le-lingue-vuol-dire-che-e-confuso\/\" >\n\t\t\t\tWeiterlesen \u00bb\t\t\t<\/a>\n\t\t\t\t<\/div>\n\t\t\t\t<\/article>\n\t\t\t\t<article class=\"elementor-post elementor-grid-item post-7459 post type-post status-publish format-standard has-post-thumbnail hentry\">\n\t\t\t\t<a class=\"elementor-post__thumbnail__link\" href=\"https:\/\/nicolemaina.com\/de\/vertraulichkeit-fur-professionelle-ubersetzer-und-konferenzdolmetscher\/\" >\n\t\t\t<div class=\"elementor-post__thumbnail\"><img loading=\"lazy\" decoding=\"async\" width=\"300\" height=\"169\" src=\"https:\/\/nicolemaina.com\/wp-content\/uploads\/2026\/02\/Confidential-1-300x169.jpg\" class=\"attachment-medium size-medium\" alt=\"\" \/><\/div>\n\t\t<\/a>\n\t\t\t\t<div class=\"elementor-post__text\">\n\t\t\t\t<h3 class=\"elementor-post__title\">\n\t\t\t<a href=\"https:\/\/nicolemaina.com\/de\/vertraulichkeit-fur-professionelle-ubersetzer-und-konferenzdolmetscher\/\" >\n\t\t\t\tVertraulichkeit f\u00fcr professionelle \u00dcbersetzer und Konferenzdolmetscher\t\t\t<\/a>\n\t\t<\/h3>\n\t\t\t\t<div class=\"elementor-post__meta-data\">\n\t\t\t\t\t<span class=\"elementor-post-date\">\n\t\t\tFebruar 27, 2026\t\t<\/span>\n\t\t\t\t<\/div>\n\t\t\t\t<div class=\"elementor-post__excerpt\">\n\t\t\t<p>Vertraulichkeit f\u00fcr professionelle \u00dcbersetzer und Konferenzdolmetscher Heute hat mich ein italienischer Kunde kontaktiert, der eine Immobilie in Deutschland erwerben und einen Kredit bei einer deutschen<\/p>\n\t\t<\/div>\n\t\t\t\t\t<a class=\"elementor-post__read-more\" href=\"https:\/\/nicolemaina.com\/de\/vertraulichkeit-fur-professionelle-ubersetzer-und-konferenzdolmetscher\/\" >\n\t\t\t\tWeiterlesen \u00bb\t\t\t<\/a>\n\t\t\t\t<\/div>\n\t\t\t\t<\/article>\n\t\t\t\t<article class=\"elementor-post elementor-grid-item post-6582 post type-post status-publish format-standard has-post-thumbnail hentry category-uncategorized\">\n\t\t\t\t<a class=\"elementor-post__thumbnail__link\" href=\"https:\/\/nicolemaina.com\/de\/wird-ki-professionelle-konferenzdolmetscher-ersetzen\/\" >\n\t\t\t<div class=\"elementor-post__thumbnail\"><img loading=\"lazy\" decoding=\"async\" width=\"300\" height=\"300\" src=\"https:\/\/nicolemaina.com\/wp-content\/uploads\/2025\/11\/Tutto-in-burro-300x300.png\" class=\"attachment-medium size-medium\" alt=\"Der dolmetschende Roboter\" \/><\/div>\n\t\t<\/a>\n\t\t\t\t<div class=\"elementor-post__text\">\n\t\t\t\t<h3 class=\"elementor-post__title\">\n\t\t\t<a href=\"https:\/\/nicolemaina.com\/de\/wird-ki-professionelle-konferenzdolmetscher-ersetzen\/\" >\n\t\t\t\tWird KI professionelle Konferenzdolmetscher ersetzen?\t\t\t<\/a>\n\t\t<\/h3>\n\t\t\t\t<div class=\"elementor-post__meta-data\">\n\t\t\t\t\t<span class=\"elementor-post-date\">\n\t\t\tNovember 11, 2025\t\t<\/span>\n\t\t\t\t<\/div>\n\t\t\t\t<div class=\"elementor-post__excerpt\">\n\t\t\t<p>\u00dcberall, wo ich hingehe, auf jeder Konferenz, aber auch beim Essen mit Freunden, wird \u00fcber nichts anderes als KI geredet. Eine Frage, die mir h\u00e4ufig<\/p>\n\t\t<\/div>\n\t\t\t\t\t<a class=\"elementor-post__read-more\" href=\"https:\/\/nicolemaina.com\/de\/wird-ki-professionelle-konferenzdolmetscher-ersetzen\/\" >\n\t\t\t\tWeiterlesen \u00bb\t\t\t<\/a>\n\t\t\t\t<\/div>\n\t\t\t\t<\/article>\n\t\t\t\t<article class=\"elementor-post elementor-grid-item post-4498 post type-post status-publish format-standard has-post-thumbnail hentry\">\n\t\t\t\t<a class=\"elementor-post__thumbnail__link\" href=\"https:\/\/nicolemaina.com\/de\/alltag-einer-konferenzdolmetscherin-und-technikuebersetzerin\/\" >\n\t\t\t<div class=\"elementor-post__thumbnail\"><img loading=\"lazy\" decoding=\"async\" width=\"300\" height=\"200\" src=\"https:\/\/nicolemaina.com\/wp-content\/uploads\/2022\/10\/ALE4437-300x200.jpg\" class=\"attachment-medium size-medium\" alt=\"Nicole Maina, interprete di conferenza\" \/><\/div>\n\t\t<\/a>\n\t\t\t\t<div class=\"elementor-post__text\">\n\t\t\t\t<h3 class=\"elementor-post__title\">\n\t\t\t<a href=\"https:\/\/nicolemaina.com\/de\/alltag-einer-konferenzdolmetscherin-und-technikuebersetzerin\/\" >\n\t\t\t\tAlltag einer Konferenzdolmetscherin und Technik\u00fcbersetzerin\t\t\t<\/a>\n\t\t<\/h3>\n\t\t\t\t<div class=\"elementor-post__meta-data\">\n\t\t\t\t\t<span class=\"elementor-post-date\">\n\t\t\tOktober 14, 2022\t\t<\/span>\n\t\t\t\t<\/div>\n\t\t\t\t<div class=\"elementor-post__excerpt\">\n\t\t\t<p>Interview mit Nicole Maina Im Juli 2022 ist auf der Website von Translators4Industry ein Interview mit mir erschienen, in dem ich von meinem Arbeitsalltag als<\/p>\n\t\t<\/div>\n\t\t\t\t\t<a class=\"elementor-post__read-more\" href=\"https:\/\/nicolemaina.com\/de\/alltag-einer-konferenzdolmetscherin-und-technikuebersetzerin\/\" >\n\t\t\t\tWeiterlesen \u00bb\t\t\t<\/a>\n\t\t\t\t<\/div>\n\t\t\t\t<\/article>\n\t\t\t\t<article class=\"elementor-post elementor-grid-item post-4286 post type-post status-publish format-standard has-post-thumbnail hentry category-uncategorized\">\n\t\t\t\t<a class=\"elementor-post__thumbnail__link\" href=\"https:\/\/nicolemaina.com\/de\/machen-sie-ihre-uebersetzerin-gluecklich\/\" >\n\t\t\t<div class=\"elementor-post__thumbnail\"><img loading=\"lazy\" decoding=\"async\" width=\"300\" height=\"169\" src=\"https:\/\/nicolemaina.com\/wp-content\/uploads\/2022\/05\/Italo-Calvino-nm-5-300x169.png\" class=\"attachment-medium size-medium\" alt=\"\" \/><\/div>\n\t\t<\/a>\n\t\t\t\t<div class=\"elementor-post__text\">\n\t\t\t\t<h3 class=\"elementor-post__title\">\n\t\t\t<a href=\"https:\/\/nicolemaina.com\/de\/machen-sie-ihre-uebersetzerin-gluecklich\/\" >\n\t\t\t\tMachen Sie Ihre \u00dcbersetzerin gl\u00fccklich!\t\t\t<\/a>\n\t\t<\/h3>\n\t\t\t\t<div class=\"elementor-post__meta-data\">\n\t\t\t\t\t<span class=\"elementor-post-date\">\n\t\t\tMai 31, 2022\t\t<\/span>\n\t\t\t\t<\/div>\n\t\t\t\t<div class=\"elementor-post__excerpt\">\n\t\t\t<p>Nach vielen Jahren Arbeit als Fach\u00fcbersetzerin kann ich best\u00e4tigen, dass eine enge Zusammenarbeit zwischen dem Verfasser und dem \u00dcbersetzer die Grundvoraussetzung f\u00fcr einen gelungenen Text ist. Das hat selbstredend auch Vorteile f\u00fcr die Leser oder Endkunden. Also: Machen Sie Ihren \u00dcbersetzer gl\u00fccklich, denn ist die Zusammenarbeit mit ihm gut, freut sich auch Ihr Kunde!<\/p>\n\t\t<\/div>\n\t\t\t\t\t<a class=\"elementor-post__read-more\" href=\"https:\/\/nicolemaina.com\/de\/machen-sie-ihre-uebersetzerin-gluecklich\/\" >\n\t\t\t\tWeiterlesen \u00bb\t\t\t<\/a>\n\t\t\t\t<\/div>\n\t\t\t\t<\/article>\n\t\t\t\t<article class=\"elementor-post elementor-grid-item post-4062 post type-post status-publish format-standard has-post-thumbnail hentry tag-dolmetscher tag-simultandolmetschen tag-traduzione-de\">\n\t\t\t\t<a class=\"elementor-post__thumbnail__link\" href=\"https:\/\/nicolemaina.com\/de\/darf-man-simultanubersetzer-sagen\/\" >\n\t\t\t<div class=\"elementor-post__thumbnail\"><img loading=\"lazy\" decoding=\"async\" width=\"300\" height=\"120\" src=\"https:\/\/nicolemaina.com\/wp-content\/uploads\/2022\/05\/Simultanubersetzer-3-300x120.png\" class=\"attachment-medium size-medium\" alt=\"\" \/><\/div>\n\t\t<\/a>\n\t\t\t\t<div class=\"elementor-post__text\">\n\t\t\t\t<h3 class=\"elementor-post__title\">\n\t\t\t<a href=\"https:\/\/nicolemaina.com\/de\/darf-man-simultanubersetzer-sagen\/\" >\n\t\t\t\tDarf man \u201eSimultan\u00fcbersetzer\u201c sagen?\t\t\t<\/a>\n\t\t<\/h3>\n\t\t\t\t<div class=\"elementor-post__meta-data\">\n\t\t\t\t\t<span class=\"elementor-post-date\">\n\t\t\tMai 3, 2022\t\t<\/span>\n\t\t\t\t<\/div>\n\t\t\t\t<div class=\"elementor-post__excerpt\">\n\t\t\t<p>F\u00fcr Insider ist die Bezeichnung Simultan\u00fcbersetzung oder Simultan\u00fcbersetzer fast schon frevelhaft. F\u00fcr uns ist die Welt der Sprachmittlung ganz klar in zwei Bereiche aufgeteilt: die schriftliche \u00dcbersetzung und das Dolmetschen, das m\u00fcndlich erfolgt.  Ist also der Begriff \u201eSimultan\u00fcbersetzer\u201c schlichtweg falsch?<\/p>\n\t\t<\/div>\n\t\t\t\t\t<a class=\"elementor-post__read-more\" href=\"https:\/\/nicolemaina.com\/de\/darf-man-simultanubersetzer-sagen\/\" >\n\t\t\t\tWeiterlesen \u00bb\t\t\t<\/a>\n\t\t\t\t<\/div>\n\t\t\t\t<\/article>\n\t\t\t\t<article class=\"elementor-post elementor-grid-item post-4116 post type-post status-publish format-standard has-post-thumbnail hentry\">\n\t\t\t\t<a class=\"elementor-post__thumbnail__link\" href=\"https:\/\/nicolemaina.com\/de\/kann-ein-aufzug-abstuerzen\/\" >\n\t\t\t<div class=\"elementor-post__thumbnail\"><img loading=\"lazy\" decoding=\"async\" width=\"199\" height=\"300\" src=\"https:\/\/nicolemaina.com\/wp-content\/uploads\/2022\/04\/Aufzugsschaft-Fangvorrichtung-199x300.png\" class=\"attachment-medium size-medium\" alt=\"Aufzugskomponenten\" \/><\/div>\n\t\t<\/a>\n\t\t\t\t<div class=\"elementor-post__text\">\n\t\t\t\t<h3 class=\"elementor-post__title\">\n\t\t\t<a href=\"https:\/\/nicolemaina.com\/de\/kann-ein-aufzug-abstuerzen\/\" >\n\t\t\t\tKann ein Aufzug abst\u00fcrzen?\t\t\t<\/a>\n\t\t<\/h3>\n\t\t\t\t<div class=\"elementor-post__meta-data\">\n\t\t\t\t\t<span class=\"elementor-post-date\">\n\t\t\tApril 27, 2022\t\t<\/span>\n\t\t\t\t<\/div>\n\t\t\t\t<div class=\"elementor-post__excerpt\">\n\t\t\t<p>Seit jeher sind mit dem Aufzug kleine und gro\u00dfe \u00c4ngste verbunden: allen zuvor die Platzangst. Unbegr\u00fcndet ist dagegen die Angst, mit dem Aufzug abzust\u00fcrzen.<\/p>\n\t\t<\/div>\n\t\t\t\t\t<a class=\"elementor-post__read-more\" href=\"https:\/\/nicolemaina.com\/de\/kann-ein-aufzug-abstuerzen\/\" >\n\t\t\t\tWeiterlesen \u00bb\t\t\t<\/a>\n\t\t\t\t<\/div>\n\t\t\t\t<\/article>\n\t\t\t\t<article class=\"elementor-post elementor-grid-item post-4099 post type-post status-publish format-standard has-post-thumbnail hentry tag-aufzuege tag-terminologia-de tag-termonologie\">\n\t\t\t\t<a class=\"elementor-post__thumbnail__link\" href=\"https:\/\/nicolemaina.com\/de\/gibt-es-ein-aufzugswoerterbuch\/\" >\n\t\t\t<div class=\"elementor-post__thumbnail\"><img loading=\"lazy\" decoding=\"async\" width=\"212\" height=\"300\" src=\"https:\/\/nicolemaina.com\/wp-content\/uploads\/2022\/04\/IMG_0015-212x300.jpg\" class=\"attachment-medium size-medium\" alt=\"\" \/><\/div>\n\t\t<\/a>\n\t\t\t\t<div class=\"elementor-post__text\">\n\t\t\t\t<h3 class=\"elementor-post__title\">\n\t\t\t<a href=\"https:\/\/nicolemaina.com\/de\/gibt-es-ein-aufzugswoerterbuch\/\" >\n\t\t\t\tGibt es ein Aufzugsw\u00f6rterbuch?\t\t\t<\/a>\n\t\t<\/h3>\n\t\t\t\t<div class=\"elementor-post__meta-data\">\n\t\t\t\t\t<span class=\"elementor-post-date\">\n\t\t\tApril 26, 2022\t\t<\/span>\n\t\t\t\t<\/div>\n\t\t\t\t<div class=\"elementor-post__excerpt\">\n\t\t\t<p>Die Welt der Aufz\u00fcge ist eine sehr spezielle Nische, die ihre eigene Fachsprache spricht. Die Aufzugsterminologie stammt aus verschiedenen Bereichen und ist eigentlich nur Fachleuten gel\u00e4ufig. Daher ist es sehr schwer, professionelle W\u00f6rterb\u00fccher zu finden, die auf diesen Sektor spezialisiert sind. Ich habe jedoch einen Tipp f\u00fcr Sie!<\/p>\n\t\t<\/div>\n\t\t\t\t\t<a class=\"elementor-post__read-more\" href=\"https:\/\/nicolemaina.com\/de\/gibt-es-ein-aufzugswoerterbuch\/\" >\n\t\t\t\tWeiterlesen \u00bb\t\t\t<\/a>\n\t\t\t\t<\/div>\n\t\t\t\t<\/article>\n\t\t\t\t<article class=\"elementor-post elementor-grid-item post-4001 post type-post status-publish format-standard has-post-thumbnail hentry tag-interprete-di-conferenza-norma-uni-de tag-konferenzdolmetscher tag-traduzione-de\">\n\t\t\t\t<a class=\"elementor-post__thumbnail__link\" href=\"https:\/\/nicolemaina.com\/de\/zertifizierte-konferenzdolmetscherin\/\" >\n\t\t\t<div class=\"elementor-post__thumbnail\"><img loading=\"lazy\" decoding=\"async\" width=\"300\" height=\"120\" src=\"https:\/\/nicolemaina.com\/wp-content\/uploads\/2022\/04\/Blog-Certif-UNI-2-300x120.png\" class=\"attachment-medium size-medium\" alt=\"\" \/><\/div>\n\t\t<\/a>\n\t\t\t\t<div class=\"elementor-post__text\">\n\t\t\t\t<h3 class=\"elementor-post__title\">\n\t\t\t<a href=\"https:\/\/nicolemaina.com\/de\/zertifizierte-konferenzdolmetscherin\/\" >\n\t\t\t\tWarum ich gem\u00e4\u00df UNI 11591:2015-Norm zertifizierte Konferenzdolmetscherin bin\t\t\t<\/a>\n\t\t<\/h3>\n\t\t\t\t<div class=\"elementor-post__meta-data\">\n\t\t\t\t\t<span class=\"elementor-post-date\">\n\t\t\tApril 13, 2022\t\t<\/span>\n\t\t\t\t<\/div>\n\t\t\t\t<div class=\"elementor-post__excerpt\">\n\t\t\t<p>In Italien kann jeder, auch ohne Studium und Qualifikationen, den Beruf des Konferenzdolmetschers oder \u00dcbersetzers aus\u00fcben. F\u00fcr die Verbraucher stellt die Zertifizierung eine Garantie dar, weil sie genau erkl\u00e4rt, was professionelle Sprachmittler von Amateuren oder Nicht-Profis unterscheidet. Genau aus diesem Grund habe ich mich zertifizieren lassen. <\/p>\n\t\t<\/div>\n\t\t\t\t\t<a class=\"elementor-post__read-more\" href=\"https:\/\/nicolemaina.com\/de\/zertifizierte-konferenzdolmetscherin\/\" >\n\t\t\t\tWeiterlesen \u00bb\t\t\t<\/a>\n\t\t\t\t<\/div>\n\t\t\t\t<\/article>\n\t\t\t\t<\/div>\n\n\n\t\t\n\t\t\t\t<div class=\"e-load-more-anchor\" data-page=\"1\" data-max-page=\"3\" data-next-page=\"https:\/\/nicolemaina.com\/de\/wp-json\/wp\/v2\/pages\/3167\/page\/2\/\"><\/div>\n\t\t\t\t<nav class=\"elementor-pagination\" role=\"navigation\" aria-label=\"Seitennummerierung\">\n\t\t\t<span class=\"page-numbers prev\">\u00ab Zur\u00fcck<\/span>\n<span aria-current=\"page\" class=\"page-numbers current\"><span class=\"elementor-screen-only\">Seite<\/span>1<\/span>\n<a class=\"page-numbers\" href=\"https:\/\/nicolemaina.com\/de\/wp-json\/wp\/v2\/pages\/3167\/page\/2\/\"><span class=\"elementor-screen-only\">Seite<\/span>2<\/a>\n<a class=\"page-numbers\" href=\"https:\/\/nicolemaina.com\/de\/wp-json\/wp\/v2\/pages\/3167\/page\/3\/\"><span class=\"elementor-screen-only\">Seite<\/span>3<\/a>\n<a class=\"page-numbers next\" href=\"https:\/\/nicolemaina.com\/de\/wp-json\/wp\/v2\/pages\/3167\/page\/2\/\">Weiter \u00bb<\/a>\t\t<\/nav>\n\t\t\t\t<\/div>\n\t\t\t\t<\/div>\n\t\t\t\t\t\t<\/div>\n\t\t\t\t\t<\/div>\n\t\t<\/div>\n\t\t\t\t\t\t\t\t<\/div>\n\t\t\t\t\t<\/div>\n\t\t<\/section>\n\t\t\t\t\t\t<\/div>\n\t\t\t\t\t\t<\/div>\n\t\t\t\t\t<\/div>\n\t\t","protected":false},"excerpt":{"rendered":"<p>NEWS<\/p>\n","protected":false},"author":1,"featured_media":0,"parent":0,"menu_order":0,"comment_status":"closed","ping_status":"closed","template":"","meta":{"footnotes":""},"categories":[],"tags":[],"class_list":["post-3167","page","type-page","status-publish","hentry"],"yoast_head":"<!-- This site is optimized with the Yoast SEO plugin v26.3 - https:\/\/yoast.com\/wordpress\/plugins\/seo\/ -->\n<title>News | Nicole Maina | \u00dcbersetzerin und Dolmetscherin in Turin<\/title>\n<meta name=\"robots\" content=\"index, follow, max-snippet:-1, max-image-preview:large, max-video-preview:-1\" \/>\n<link rel=\"canonical\" href=\"https:\/\/nicolemaina.com\/de\/news\/\" \/>\n<meta property=\"og:locale\" content=\"de_DE\" \/>\n<meta property=\"og:type\" content=\"article\" \/>\n<meta property=\"og:title\" content=\"News | Nicole Maina | \u00dcbersetzerin und Dolmetscherin in Turin\" \/>\n<meta property=\"og:description\" content=\"NEWS\" \/>\n<meta property=\"og:url\" content=\"https:\/\/nicolemaina.com\/de\/news\/\" \/>\n<meta property=\"og:site_name\" content=\"Nicole Maina\" \/>\n<meta property=\"article:modified_time\" content=\"2026-01-26T15:45:37+00:00\" \/>\n<meta name=\"twitter:card\" content=\"summary_large_image\" \/>\n<meta name=\"twitter:label1\" content=\"Gesch\u00e4tzte Lesezeit\" \/>\n\t<meta name=\"twitter:data1\" content=\"5\u00a0Minuten\" \/>\n<script type=\"application\/ld+json\" class=\"yoast-schema-graph\">{\"@context\":\"https:\/\/schema.org\",\"@graph\":[{\"@type\":\"WebPage\",\"@id\":\"https:\/\/nicolemaina.com\/de\/news\/\",\"url\":\"https:\/\/nicolemaina.com\/de\/news\/\",\"name\":\"News | Nicole Maina | \u00dcbersetzerin und Dolmetscherin in Turin\",\"isPartOf\":{\"@id\":\"https:\/\/nicolemaina.com\/#website\"},\"datePublished\":\"2022-02-01T09:38:12+00:00\",\"dateModified\":\"2026-01-26T15:45:37+00:00\",\"breadcrumb\":{\"@id\":\"https:\/\/nicolemaina.com\/de\/news\/#breadcrumb\"},\"inLanguage\":\"de\",\"potentialAction\":[{\"@type\":\"ReadAction\",\"target\":[\"https:\/\/nicolemaina.com\/de\/news\/\"]}]},{\"@type\":\"BreadcrumbList\",\"@id\":\"https:\/\/nicolemaina.com\/de\/news\/#breadcrumb\",\"itemListElement\":[{\"@type\":\"ListItem\",\"position\":1,\"name\":\"Home\",\"item\":\"https:\/\/nicolemaina.com\/\"},{\"@type\":\"ListItem\",\"position\":2,\"name\":\"News\"}]},{\"@type\":\"WebSite\",\"@id\":\"https:\/\/nicolemaina.com\/#website\",\"url\":\"https:\/\/nicolemaina.com\/\",\"name\":\"Nicole Maina\",\"description\":\"\",\"potentialAction\":[{\"@type\":\"SearchAction\",\"target\":{\"@type\":\"EntryPoint\",\"urlTemplate\":\"https:\/\/nicolemaina.com\/?s={search_term_string}\"},\"query-input\":{\"@type\":\"PropertyValueSpecification\",\"valueRequired\":true,\"valueName\":\"search_term_string\"}}],\"inLanguage\":\"de\"}]}<\/script>\n<!-- \/ Yoast SEO plugin. -->","yoast_head_json":{"title":"News | Nicole Maina | \u00dcbersetzerin und Dolmetscherin in Turin","robots":{"index":"index","follow":"follow","max-snippet":"max-snippet:-1","max-image-preview":"max-image-preview:large","max-video-preview":"max-video-preview:-1"},"canonical":"https:\/\/nicolemaina.com\/de\/news\/","og_locale":"de_DE","og_type":"article","og_title":"News | Nicole Maina | \u00dcbersetzerin und Dolmetscherin in Turin","og_description":"NEWS","og_url":"https:\/\/nicolemaina.com\/de\/news\/","og_site_name":"Nicole Maina","article_modified_time":"2026-01-26T15:45:37+00:00","twitter_card":"summary_large_image","twitter_misc":{"Gesch\u00e4tzte Lesezeit":"5\u00a0Minuten"},"schema":{"@context":"https:\/\/schema.org","@graph":[{"@type":"WebPage","@id":"https:\/\/nicolemaina.com\/de\/news\/","url":"https:\/\/nicolemaina.com\/de\/news\/","name":"News | Nicole Maina | \u00dcbersetzerin und Dolmetscherin in Turin","isPartOf":{"@id":"https:\/\/nicolemaina.com\/#website"},"datePublished":"2022-02-01T09:38:12+00:00","dateModified":"2026-01-26T15:45:37+00:00","breadcrumb":{"@id":"https:\/\/nicolemaina.com\/de\/news\/#breadcrumb"},"inLanguage":"de","potentialAction":[{"@type":"ReadAction","target":["https:\/\/nicolemaina.com\/de\/news\/"]}]},{"@type":"BreadcrumbList","@id":"https:\/\/nicolemaina.com\/de\/news\/#breadcrumb","itemListElement":[{"@type":"ListItem","position":1,"name":"Home","item":"https:\/\/nicolemaina.com\/"},{"@type":"ListItem","position":2,"name":"News"}]},{"@type":"WebSite","@id":"https:\/\/nicolemaina.com\/#website","url":"https:\/\/nicolemaina.com\/","name":"Nicole Maina","description":"","potentialAction":[{"@type":"SearchAction","target":{"@type":"EntryPoint","urlTemplate":"https:\/\/nicolemaina.com\/?s={search_term_string}"},"query-input":{"@type":"PropertyValueSpecification","valueRequired":true,"valueName":"search_term_string"}}],"inLanguage":"de"}]}},"_links":{"self":[{"href":"https:\/\/nicolemaina.com\/de\/wp-json\/wp\/v2\/pages\/3167","targetHints":{"allow":["GET"]}}],"collection":[{"href":"https:\/\/nicolemaina.com\/de\/wp-json\/wp\/v2\/pages"}],"about":[{"href":"https:\/\/nicolemaina.com\/de\/wp-json\/wp\/v2\/types\/page"}],"author":[{"embeddable":true,"href":"https:\/\/nicolemaina.com\/de\/wp-json\/wp\/v2\/users\/1"}],"replies":[{"embeddable":true,"href":"https:\/\/nicolemaina.com\/de\/wp-json\/wp\/v2\/comments?post=3167"}],"version-history":[{"count":3,"href":"https:\/\/nicolemaina.com\/de\/wp-json\/wp\/v2\/pages\/3167\/revisions"}],"predecessor-version":[{"id":7386,"href":"https:\/\/nicolemaina.com\/de\/wp-json\/wp\/v2\/pages\/3167\/revisions\/7386"}],"wp:attachment":[{"href":"https:\/\/nicolemaina.com\/de\/wp-json\/wp\/v2\/media?parent=3167"}],"wp:term":[{"taxonomy":"category","embeddable":true,"href":"https:\/\/nicolemaina.com\/de\/wp-json\/wp\/v2\/categories?post=3167"},{"taxonomy":"post_tag","embeddable":true,"href":"https:\/\/nicolemaina.com\/de\/wp-json\/wp\/v2\/tags?post=3167"}],"curies":[{"name":"wp","href":"https:\/\/api.w.org\/{rel}","templated":true}]}}